{"id":20507,"date":"2024-09-15T14:34:52","date_gmt":"2024-09-15T14:34:52","guid":{"rendered":"https:\/\/vibrant-carson.212-227-83-167.plesk.page\/?page_id=20507"},"modified":"2024-10-17T19:36:07","modified_gmt":"2024-10-17T19:36:07","slug":"historia-xecball","status":"publish","type":"page","link":"https:\/\/www.xecball.es\/index.php\/historia-xecball\/","title":{"rendered":"Historia"},"content":{"rendered":"\t\t<div data-elementor-type=\"wp-page\" data-elementor-id=\"20507\" class=\"elementor elementor-20507\" data-elementor-post-type=\"page\">\n\t\t\t\t\t\t<section class=\"elementor-section elementor-top-section elementor-element elementor-element-48276ec elementor-section-boxed elementor-section-height-default elementor-section-height-default\" data-id=\"48276ec\" data-element_type=\"section\">\n\t\t\t\t\t\t<div class=\"elementor-container elementor-column-gap-extended\">\n\t\t\t\t\t<div class=\"elementor-column elementor-col-50 elementor-top-column elementor-element elementor-element-e49df19\" data-id=\"e49df19\" data-element_type=\"column\">\n\t\t\t<div class=\"elementor-widget-wrap elementor-element-populated\">\n\t\t\t\t\t\t<div class=\"elementor-element elementor-element-4d4c71c elementor-invisible elementor-widget elementor-widget-edublink-heading\" data-id=\"4d4c71c\" data-element_type=\"widget\" data-settings=\"{&quot;_animation&quot;:&quot;edublink--slide-up&quot;,&quot;_animation_delay&quot;:150}\" data-widget_type=\"edublink-heading.default\">\n\t\t\t\t<div class=\"elementor-widget-container\">\n\t\t\t<div class=\"edublink-section-heading\"><span class=\"pre-heading\">Historia del xecball<\/span><h3 class=\"heading\">El nacimiento del Xecball<\/h3><div class=\"sub-heading\"><p>El<strong> Xecball<\/strong> naci\u00f3 de la necesidad de <strong>fusionar el ajedrez con la actividad f\u00edsica<\/strong> de una forma innovadora. En el a\u00f1o 2000, se introdujo en los contenidos de las Escuelas Deportivas Municipales (EEDDMM) de Ajedrez de Valencia, Espa\u00f1a. Solo tres a\u00f1os despu\u00e9s, el curso \"Educaci\u00f3n F\u00edsica y Ajedrez: una propuesta motriz\" se imparti\u00f3 en el Centro de Formaci\u00f3n, Innovaci\u00f3n y Recursos Educativos (CEFIRE) de la Generalitat Valenciana, acompa\u00f1ado por un libro que se present\u00f3 en diversas jornadas, cursos y congresos.<\/p><\/div><\/div>\t\t<\/div>\n\t\t\t\t<\/div>\n\t\t\t\t<div class=\"elementor-element elementor-element-37b2d49 elementor-invisible elementor-widget elementor-widget-edublink-heading\" data-id=\"37b2d49\" data-element_type=\"widget\" data-settings=\"{&quot;_animation&quot;:&quot;edublink--slide-up&quot;,&quot;_animation_delay&quot;:150}\" data-widget_type=\"edublink-heading.default\">\n\t\t\t\t<div class=\"elementor-widget-container\">\n\t\t\t<div class=\"edublink-section-heading\"><h3 class=\"heading\">Expansi\u00f3n y reconocimiento<\/h3><div class=\"sub-heading\"><p>En 2008, se public\u00f3 <em><strong>Xecball: el nuevo ajedrez motriz<\/strong><\/em>, consolidando a\u00fan m\u00e1s este innovador deporte. El Xecball se integr\u00f3 en el m\u00f3dulo de did\u00e1ctica del ajedrez de los cursos para monitores y entrenadores de la Federaci\u00f3n de Ajedrez de la Comunidad Valenciana (FACV).<\/p><\/div><\/div>\t\t<\/div>\n\t\t\t\t<\/div>\n\t\t\t\t\t<\/div>\n\t\t<\/div>\n\t\t\t\t<div class=\"elementor-column elementor-col-50 elementor-top-column elementor-element elementor-element-a827d25\" data-id=\"a827d25\" data-element_type=\"column\">\n\t\t\t<div class=\"elementor-widget-wrap elementor-element-populated\">\n\t\t\t\t\t\t<div class=\"elementor-element elementor-element-5403673 elementor-widget__width-auto elementor-absolute elementor-hidden-tablet elementor-hidden-mobile elementor-invisible elementor-widget elementor-widget-edublink-animation\" data-id=\"5403673\" data-element_type=\"widget\" data-settings=\"{&quot;_position&quot;:&quot;absolute&quot;,&quot;_animation&quot;:&quot;fadeIn&quot;,&quot;_animation_delay&quot;:500}\" data-widget_type=\"edublink-animation.default\">\n\t\t\t\t<div class=\"elementor-widget-container\">\n\t\t\t<div class=\"edublink-animation-widget edublink-animation-display-type-infinite-animation edublink-animation-content-type-image\"><img decoding=\"async\" src=\"https:\/\/www.xecball.es\/wp-content\/uploads\/elementor\/thumbs\/Pelota-1-qr2hkklblxgqrw2ptfynnews5g1b6jms6b3a6dssmg.png\" alt=\"Pelota 1\"><\/div>\t\t<\/div>\n\t\t\t\t<\/div>\n\t\t\t\t<div class=\"elementor-element elementor-element-7b43470 elementor-widget__width-auto elementor-absolute elementor-hidden-mobile elementor-widget elementor-widget-edublink-animation\" data-id=\"7b43470\" data-element_type=\"widget\" data-settings=\"{&quot;_position&quot;:&quot;absolute&quot;}\" data-widget_type=\"edublink-animation.default\">\n\t\t\t\t<div class=\"elementor-widget-container\">\n\t\t\t<div class=\"edublink-animation-widget edublink-animation-display-type-parallax edublink-animation-content-type-image edublink-parallax-item\" data-parallax=\"{&quot;x&quot;: 0, &quot;y&quot;: -60, &quot;rotateX&quot;: 0, &quot;rotateY&quot;: 0, &quot;rotateZ&quot;: 0, &quot;scale&quot;: 1}\"><img decoding=\"async\" src=\"https:\/\/www.xecball.es\/wp-content\/uploads\/2024\/07\/Jugando-xecball-1.png\" alt=\"Jugando xecball 1\"><\/div>\t\t<\/div>\n\t\t\t\t<\/div>\n\t\t\t\t<div class=\"elementor-element elementor-element-ce6ffb6 elementor-invisible elementor-widget elementor-widget-image\" data-id=\"ce6ffb6\" data-element_type=\"widget\" data-settings=\"{&quot;_animation&quot;:&quot;edublink--slide-left&quot;,&quot;_animation_delay&quot;:150}\" data-widget_type=\"image.default\">\n\t\t\t\t<div class=\"elementor-widget-container\">\n\t\t\t<style>\/*! elementor - v3.23.0 - 15-07-2024 *\/\n.elementor-widget-image{text-align:center}.elementor-widget-image a{display:inline-block}.elementor-widget-image a img[src$=\".svg\"]{width:48px}.elementor-widget-image img{vertical-align:middle;display:inline-block}<\/style>\t\t\t\t\t\t\t\t\t\t<img fetchpriority=\"high\" decoding=\"async\" width=\"370\" height=\"470\" src=\"https:\/\/www.xecball.es\/wp-content\/uploads\/2024\/07\/Jugando-xecball-2.png\" class=\"attachment-full size-full wp-image-19958\" alt=\"Ni\u00f1os practicando xecball\" srcset=\"https:\/\/www.xecball.es\/wp-content\/uploads\/2024\/07\/Jugando-xecball-2.png 370w, https:\/\/www.xecball.es\/wp-content\/uploads\/2024\/07\/Jugando-xecball-2-236x300.png 236w\" sizes=\"(max-width: 370px) 100vw, 370px\" \/>\t\t\t\t\t\t\t\t\t\t\t\t\t<\/div>\n\t\t\t\t<\/div>\n\t\t\t\t<div class=\"elementor-element elementor-element-00c6f45 elementor-widget__width-auto elementor-absolute elementor-hidden-tablet elementor-hidden-mobile elementor-invisible elementor-widget elementor-widget-image\" data-id=\"00c6f45\" data-element_type=\"widget\" data-settings=\"{&quot;_position&quot;:&quot;absolute&quot;,&quot;_animation&quot;:&quot;fadeIn&quot;,&quot;_animation_delay&quot;:500}\" data-widget_type=\"image.default\">\n\t\t\t\t<div class=\"elementor-widget-container\">\n\t\t\t\t\t\t\t\t\t\t\t\t\t<img decoding=\"async\" width=\"53\" height=\"120\" src=\"https:\/\/www.xecball.es\/wp-content\/uploads\/2024\/07\/Dama.png\" class=\"attachment-full size-full wp-image-20106\" alt=\"\" \/>\t\t\t\t\t\t\t\t\t\t\t\t\t<\/div>\n\t\t\t\t<\/div>\n\t\t\t\t\t<\/div>\n\t\t<\/div>\n\t\t\t\t\t<\/div>\n\t\t<\/section>\n\t\t\t\t<section class=\"elementor-section elementor-top-section elementor-element elementor-element-7e896d3 elementor-section-boxed elementor-section-height-default elementor-section-height-default\" data-id=\"7e896d3\" data-element_type=\"section\">\n\t\t\t\t\t\t<div class=\"elementor-container elementor-column-gap-extended\">\n\t\t\t\t\t<div class=\"elementor-column elementor-col-50 elementor-top-column elementor-element elementor-element-f413d51\" data-id=\"f413d51\" data-element_type=\"column\">\n\t\t\t<div class=\"elementor-widget-wrap elementor-element-populated\">\n\t\t\t\t\t\t<div class=\"elementor-element elementor-element-2451624 elementor-widget__width-initial elementor-invisible elementor-widget elementor-widget-image\" data-id=\"2451624\" data-element_type=\"widget\" data-settings=\"{&quot;_animation&quot;:&quot;edublink--slide-left&quot;,&quot;_animation_delay&quot;:150}\" data-widget_type=\"image.default\">\n\t\t\t\t<div class=\"elementor-widget-container\">\n\t\t\t\t\t\t\t\t\t\t\t\t\t<img fetchpriority=\"high\" decoding=\"async\" width=\"370\" height=\"470\" src=\"https:\/\/www.xecball.es\/wp-content\/uploads\/2024\/07\/Jugando-xecball-2.png\" class=\"attachment-full size-full wp-image-19958\" alt=\"Ni\u00f1os practicando xecball\" srcset=\"https:\/\/www.xecball.es\/wp-content\/uploads\/2024\/07\/Jugando-xecball-2.png 370w, https:\/\/www.xecball.es\/wp-content\/uploads\/2024\/07\/Jugando-xecball-2-236x300.png 236w\" sizes=\"(max-width: 370px) 100vw, 370px\" \/>\t\t\t\t\t\t\t\t\t\t\t\t\t<\/div>\n\t\t\t\t<\/div>\n\t\t\t\t\t<\/div>\n\t\t<\/div>\n\t\t\t\t<div class=\"elementor-column elementor-col-50 elementor-top-column elementor-element elementor-element-88aa6d2\" data-id=\"88aa6d2\" data-element_type=\"column\">\n\t\t\t<div class=\"elementor-widget-wrap elementor-element-populated\">\n\t\t\t\t\t\t<div class=\"elementor-element elementor-element-beb1a29 elementor-invisible elementor-widget elementor-widget-edublink-heading\" data-id=\"beb1a29\" data-element_type=\"widget\" data-settings=\"{&quot;_animation&quot;:&quot;edublink--slide-up&quot;,&quot;_animation_delay&quot;:150}\" data-widget_type=\"edublink-heading.default\">\n\t\t\t\t<div class=\"elementor-widget-container\">\n\t\t\t<div class=\"edublink-section-heading\"><h3 class=\"heading\">Incorporaci\u00f3n en el curr\u00edculo educativo<\/h3><div class=\"sub-heading\"><p>El Xecball no solo ha ganado popularidad, sino que se ha incorporado oficialmente en el curr\u00edculo de Educaci\u00f3n F\u00edsica en la Comunitat Valenciana, seg\u00fan el Decreto 108\/2014, de 4 de julio. Adem\u00e1s, la resoluci\u00f3n del 18 de julio de 2018 del Director General del Deporte de la Conselleria de Educaci\u00f3n, Investigaci\u00f3n, Cultura y Deporte, permiti\u00f3 su inclusi\u00f3n como especialidad deportiva del ajedrez, integr\u00e1ndose en los estatutos de la Federaci\u00f3n de Ajedrez de la Comunidad Valenciana.<\/p><\/div><\/div>\t\t<\/div>\n\t\t\t\t<\/div>\n\t\t\t\t<div class=\"elementor-element elementor-element-c04a4fe elementor-invisible elementor-widget elementor-widget-edublink-heading\" data-id=\"c04a4fe\" data-element_type=\"widget\" data-settings=\"{&quot;_animation&quot;:&quot;edublink--slide-up&quot;,&quot;_animation_delay&quot;:150}\" data-widget_type=\"edublink-heading.default\">\n\t\t\t\t<div class=\"elementor-widget-container\">\n\t\t\t<div class=\"edublink-section-heading\"><h3 class=\"heading\">Un futuro brillante para el Xecball<\/h3><div class=\"sub-heading\"><p>El crecimiento del Xecball ha sido imparable, y aunque las jornadas y congresos iniciales puedan haberse desvanecido con el tiempo, este deporte sigue ganando adeptos. Con esta nueva web, queremos acercarnos a nuestros compa\u00f1eros de educaci\u00f3n f\u00edsica y a todos los interesados \u200b\u200ben esta innovaci\u00f3n educativa, compartiendo siempre lo mejor de nosotros, una filosof\u00eda que ha guiado nuestro trabajo durante todos estos a\u00f1os.<\/p><\/div><\/div>\t\t<\/div>\n\t\t\t\t<\/div>\n\t\t\t\t\t<\/div>\n\t\t<\/div>\n\t\t\t\t\t<\/div>\n\t\t<\/section>\n\t\t\t\t<section class=\"elementor-section elementor-top-section elementor-element elementor-element-94ebc2f elementor-section-boxed elementor-section-height-default elementor-section-height-default\" data-id=\"94ebc2f\" data-element_type=\"section\" data-settings=\"{&quot;background_background&quot;:&quot;classic&quot;}\">\n\t\t\t\t\t\t\t<div class=\"elementor-background-overlay\"><\/div>\n\t\t\t\t\t\t\t<div class=\"elementor-container elementor-column-gap-extended\">\n\t\t\t\t\t<div class=\"elementor-column elementor-col-100 elementor-top-column elementor-element elementor-element-749d4d7 elementor-invisible\" data-id=\"749d4d7\" data-element_type=\"column\" data-settings=\"{&quot;animation&quot;:&quot;edublink--slide-up&quot;,&quot;animation_delay&quot;:150}\">\n\t\t\t<div class=\"elementor-widget-wrap elementor-element-populated\">\n\t\t\t\t\t\t<div class=\"elementor-element elementor-element-b569f5a elementor-widget__width-auto elementor-absolute elementor-hidden-tablet elementor-hidden-mobile elementor-invisible elementor-widget elementor-widget-edublink-animation\" data-id=\"b569f5a\" data-element_type=\"widget\" data-settings=\"{&quot;_position&quot;:&quot;absolute&quot;,&quot;_animation&quot;:&quot;fadeIn&quot;}\" data-widget_type=\"edublink-animation.default\">\n\t\t\t\t<div class=\"elementor-widget-container\">\n\t\t\t<div class=\"edublink-animation-widget edublink-animation-display-type-mouse-track edublink-animation-content-type-image edublink-mouse-track-item\"><span data-depth=\"2.5\"><img decoding=\"async\" src=\"https:\/\/www.xecball.es\/wp-content\/uploads\/2023\/05\/shape-10.png\" alt=\"shape-10\"><\/span><\/div>\t\t<\/div>\n\t\t\t\t<\/div>\n\t\t\t\t<div class=\"elementor-element elementor-element-9dd1c67 elementor-widget__width-auto elementor-absolute elementor-hidden-tablet elementor-hidden-mobile elementor-widget elementor-widget-edublink-animation\" data-id=\"9dd1c67\" data-element_type=\"widget\" data-settings=\"{&quot;_position&quot;:&quot;absolute&quot;}\" data-widget_type=\"edublink-animation.default\">\n\t\t\t\t<div class=\"elementor-widget-container\">\n\t\t\t<div class=\"edublink-animation-widget edublink-animation-display-type-mouse-track edublink-animation-content-type-image edublink-mouse-track-item\"><span data-depth=\"-2\"><img decoding=\"async\" src=\"https:\/\/www.xecball.es\/wp-content\/uploads\/2023\/05\/shape-02.png\" alt=\"Hero-Shape-18\"><\/span><\/div>\t\t<\/div>\n\t\t\t\t<\/div>\n\t\t\t\t<div class=\"elementor-element elementor-element-4e419ec elementor-widget__width-auto elementor-absolute elementor-hidden-tablet elementor-hidden-mobile elementor-widget elementor-widget-edublink-animation\" data-id=\"4e419ec\" data-element_type=\"widget\" data-settings=\"{&quot;_position&quot;:&quot;absolute&quot;}\" data-widget_type=\"edublink-animation.default\">\n\t\t\t\t<div class=\"elementor-widget-container\">\n\t\t\t<div class=\"edublink-animation-widget edublink-animation-display-type-mouse-track edublink-animation-content-type-image edublink-mouse-track-item\"><span data-depth=\"2\"><img decoding=\"async\" src=\"https:\/\/www.xecball.es\/wp-content\/uploads\/2023\/05\/shape-13.png\" alt=\"Hero-Shape-1\"><\/span><\/div>\t\t<\/div>\n\t\t\t\t<\/div>\n\t\t\t\t<div class=\"elementor-element elementor-element-8a5ee2b edublink-br-tl-none elementor-widget elementor-widget-heading\" data-id=\"8a5ee2b\" data-element_type=\"widget\" data-widget_type=\"heading.default\">\n\t\t\t\t<div class=\"elementor-widget-container\">\n\t\t\t<style>\/*! elementor - v3.23.0 - 15-07-2024 *\/\n.elementor-heading-title{padding:0;margin:0;line-height:1}.elementor-widget-heading .elementor-heading-title[class*=elementor-size-]>a{color:inherit;font-size:inherit;line-height:inherit}.elementor-widget-heading .elementor-heading-title.elementor-size-small{font-size:15px}.elementor-widget-heading .elementor-heading-title.elementor-size-medium{font-size:19px}.elementor-widget-heading .elementor-heading-title.elementor-size-large{font-size:29px}.elementor-widget-heading .elementor-heading-title.elementor-size-xl{font-size:39px}.elementor-widget-heading .elementor-heading-title.elementor-size-xxl{font-size:59px}<\/style><h2 class=\"elementor-heading-title elementor-size-default\">\u00a1\u00danete a la revoluci\u00f3n del <span class=\"edublink-color-secondary\">Xecball!<\/span> <\/h2>\t\t<\/div>\n\t\t\t\t<\/div>\n\t\t\t\t<div class=\"elementor-element elementor-element-701177b elementor-widget__width-initial elementor-widget elementor-widget-text-editor\" data-id=\"701177b\" data-element_type=\"widget\" data-widget_type=\"text-editor.default\">\n\t\t\t\t<div class=\"elementor-widget-container\">\n\t\t\t<style>\/*! elementor - v3.23.0 - 15-07-2024 *\/\n.elementor-widget-text-editor.elementor-drop-cap-view-stacked .elementor-drop-cap{background-color:#69727d;color:#fff}.elementor-widget-text-editor.elementor-drop-cap-view-framed .elementor-drop-cap{color:#69727d;border:3px solid;background-color:transparent}.elementor-widget-text-editor:not(.elementor-drop-cap-view-default) .elementor-drop-cap{margin-top:8px}.elementor-widget-text-editor:not(.elementor-drop-cap-view-default) .elementor-drop-cap-letter{width:1em;height:1em}.elementor-widget-text-editor .elementor-drop-cap{float:left;text-align:center;line-height:1;font-size:50px}.elementor-widget-text-editor .elementor-drop-cap-letter{display:inline-block}<\/style>\t\t\t\t<p>Descubre c\u00f3mo este deporte puede transformar la educaci\u00f3n f\u00edsica y el ajedrez en tu escuela.<\/p>\t\t\t\t\t\t<\/div>\n\t\t\t\t<\/div>\n\t\t\t\t\t<\/div>\n\t\t<\/div>\n\t\t\t\t\t<\/div>\n\t\t<\/section>\n\t\t\t\t<\/div>\n\t\t","protected":false},"excerpt":{"rendered":"<p>Historia del xecball El nacimiento del Xecball El Xecball naci\u00f3 de la necesidad de fusionar el ajedrez con la actividad&#8230;<\/p>\n","protected":false},"author":1,"featured_media":0,"parent":0,"menu_order":0,"comment_status":"closed","ping_status":"closed","template":"","meta":{"inline_featured_image":false,"footnotes":""},"class_list":["post-20507","page","type-page","status-publish","hentry"],"yoast_head":"<!-- This site is optimized with the Yoast SEO plugin v23.4 - https:\/\/yoast.com\/wordpress\/plugins\/seo\/ -->\n<title>Historia - xecball<\/title>\n<meta name=\"description\" content=\"Conoce la historia de Xecball, un deporte \u00fanico que combina el ajedrez y la actividad f\u00edsica. Un recorrido desde sus or\u00edgenes hasta hoy.\" \/>\n<meta name=\"robots\" content=\"index, follow, max-snippet:-1, max-image-preview:large, max-video-preview:-1\" \/>\n<link rel=\"canonical\" href=\"https:\/\/www.xecball.es\/index.php\/historia-xecball\/\" \/>\n<meta property=\"og:locale\" content=\"es_ES\" \/>\n<meta property=\"og:type\" content=\"article\" \/>\n<meta property=\"og:title\" content=\"Historia - xecball\" \/>\n<meta property=\"og:description\" content=\"Conoce la historia de Xecball, un deporte \u00fanico que combina el ajedrez y la actividad f\u00edsica. Un recorrido desde sus or\u00edgenes hasta hoy.\" \/>\n<meta property=\"og:url\" content=\"https:\/\/www.xecball.es\/index.php\/historia-xecball\/\" \/>\n<meta property=\"og:site_name\" content=\"xecball\" \/>\n<meta property=\"article:modified_time\" content=\"2024-10-17T19:36:07+00:00\" \/>\n<meta property=\"og:image\" content=\"https:\/\/www.xecball.es\/wp-content\/uploads\/elementor\/thumbs\/Pelota-1-qr2hkklblxgqrw2ptfynnews5g1b6jms6b3a6dssmg.png\" \/>\n<meta name=\"twitter:card\" content=\"summary_large_image\" \/>\n<script type=\"application\/ld+json\" class=\"yoast-schema-graph\">{\"@context\":\"https:\/\/schema.org\",\"@graph\":[{\"@type\":\"WebPage\",\"@id\":\"https:\/\/www.xecball.es\/index.php\/historia-xecball\/\",\"url\":\"https:\/\/www.xecball.es\/index.php\/historia-xecball\/\",\"name\":\"Historia - xecball\",\"isPartOf\":{\"@id\":\"https:\/\/www.xecball.es\/#website\"},\"primaryImageOfPage\":{\"@id\":\"https:\/\/www.xecball.es\/index.php\/historia-xecball\/#primaryimage\"},\"image\":{\"@id\":\"https:\/\/www.xecball.es\/index.php\/historia-xecball\/#primaryimage\"},\"thumbnailUrl\":\"https:\/\/www.xecball.es\/wp-content\/uploads\/elementor\/thumbs\/Pelota-1-qr2hkklblxgqrw2ptfynnews5g1b6jms6b3a6dssmg.png\",\"datePublished\":\"2024-09-15T14:34:52+00:00\",\"dateModified\":\"2024-10-17T19:36:07+00:00\",\"description\":\"Conoce la historia de Xecball, un deporte \u00fanico que combina el ajedrez y la actividad f\u00edsica. Un recorrido desde sus or\u00edgenes hasta hoy.\",\"breadcrumb\":{\"@id\":\"https:\/\/www.xecball.es\/index.php\/historia-xecball\/#breadcrumb\"},\"inLanguage\":\"es\",\"potentialAction\":[{\"@type\":\"ReadAction\",\"target\":[\"https:\/\/www.xecball.es\/index.php\/historia-xecball\/\"]}]},{\"@type\":\"ImageObject\",\"inLanguage\":\"es\",\"@id\":\"https:\/\/www.xecball.es\/index.php\/historia-xecball\/#primaryimage\",\"url\":\"https:\/\/www.xecball.es\/wp-content\/uploads\/elementor\/thumbs\/Pelota-1-qr2hkklblxgqrw2ptfynnews5g1b6jms6b3a6dssmg.png\",\"contentUrl\":\"https:\/\/www.xecball.es\/wp-content\/uploads\/elementor\/thumbs\/Pelota-1-qr2hkklblxgqrw2ptfynnews5g1b6jms6b3a6dssmg.png\"},{\"@type\":\"BreadcrumbList\",\"@id\":\"https:\/\/www.xecball.es\/index.php\/historia-xecball\/#breadcrumb\",\"itemListElement\":[{\"@type\":\"ListItem\",\"position\":1,\"name\":\"Portada\",\"item\":\"https:\/\/www.xecball.es\/\"},{\"@type\":\"ListItem\",\"position\":2,\"name\":\"Historia\"}]},{\"@type\":\"WebSite\",\"@id\":\"https:\/\/www.xecball.es\/#website\",\"url\":\"https:\/\/www.xecball.es\/\",\"name\":\"xecball\",\"description\":\"Xecball es innovador deporte que combina la estrategia del ajedrez con la actividad f\u00edsica.\",\"publisher\":{\"@id\":\"https:\/\/www.xecball.es\/#organization\"},\"potentialAction\":[{\"@type\":\"SearchAction\",\"target\":{\"@type\":\"EntryPoint\",\"urlTemplate\":\"https:\/\/www.xecball.es\/?s={search_term_string}\"},\"query-input\":{\"@type\":\"PropertyValueSpecification\",\"valueRequired\":true,\"valueName\":\"search_term_string\"}}],\"inLanguage\":\"es\"},{\"@type\":\"Organization\",\"@id\":\"https:\/\/www.xecball.es\/#organization\",\"name\":\"xecball\",\"url\":\"https:\/\/www.xecball.es\/\",\"logo\":{\"@type\":\"ImageObject\",\"inLanguage\":\"es\",\"@id\":\"https:\/\/www.xecball.es\/#\/schema\/logo\/image\/\",\"url\":\"https:\/\/www.xecball.es\/wp-content\/uploads\/2024\/07\/cropped-Logotipo-Xecball.png\",\"contentUrl\":\"https:\/\/www.xecball.es\/wp-content\/uploads\/2024\/07\/cropped-Logotipo-Xecball.png\",\"width\":92,\"height\":80,\"caption\":\"xecball\"},\"image\":{\"@id\":\"https:\/\/www.xecball.es\/#\/schema\/logo\/image\/\"}}]}<\/script>\n<!-- \/ Yoast SEO plugin. -->","yoast_head_json":{"title":"Historia - xecball","description":"Conoce la historia de Xecball, un deporte \u00fanico que combina el ajedrez y la actividad f\u00edsica. Un recorrido desde sus or\u00edgenes hasta hoy.","robots":{"index":"index","follow":"follow","max-snippet":"max-snippet:-1","max-image-preview":"max-image-preview:large","max-video-preview":"max-video-preview:-1"},"canonical":"https:\/\/www.xecball.es\/index.php\/historia-xecball\/","og_locale":"es_ES","og_type":"article","og_title":"Historia - xecball","og_description":"Conoce la historia de Xecball, un deporte \u00fanico que combina el ajedrez y la actividad f\u00edsica. Un recorrido desde sus or\u00edgenes hasta hoy.","og_url":"https:\/\/www.xecball.es\/index.php\/historia-xecball\/","og_site_name":"xecball","article_modified_time":"2024-10-17T19:36:07+00:00","og_image":[{"url":"https:\/\/www.xecball.es\/wp-content\/uploads\/elementor\/thumbs\/Pelota-1-qr2hkklblxgqrw2ptfynnews5g1b6jms6b3a6dssmg.png"}],"twitter_card":"summary_large_image","schema":{"@context":"https:\/\/schema.org","@graph":[{"@type":"WebPage","@id":"https:\/\/www.xecball.es\/index.php\/historia-xecball\/","url":"https:\/\/www.xecball.es\/index.php\/historia-xecball\/","name":"Historia - xecball","isPartOf":{"@id":"https:\/\/www.xecball.es\/#website"},"primaryImageOfPage":{"@id":"https:\/\/www.xecball.es\/index.php\/historia-xecball\/#primaryimage"},"image":{"@id":"https:\/\/www.xecball.es\/index.php\/historia-xecball\/#primaryimage"},"thumbnailUrl":"https:\/\/www.xecball.es\/wp-content\/uploads\/elementor\/thumbs\/Pelota-1-qr2hkklblxgqrw2ptfynnews5g1b6jms6b3a6dssmg.png","datePublished":"2024-09-15T14:34:52+00:00","dateModified":"2024-10-17T19:36:07+00:00","description":"Conoce la historia de Xecball, un deporte \u00fanico que combina el ajedrez y la actividad f\u00edsica. Un recorrido desde sus or\u00edgenes hasta hoy.","breadcrumb":{"@id":"https:\/\/www.xecball.es\/index.php\/historia-xecball\/#breadcrumb"},"inLanguage":"es","potentialAction":[{"@type":"ReadAction","target":["https:\/\/www.xecball.es\/index.php\/historia-xecball\/"]}]},{"@type":"ImageObject","inLanguage":"es","@id":"https:\/\/www.xecball.es\/index.php\/historia-xecball\/#primaryimage","url":"https:\/\/www.xecball.es\/wp-content\/uploads\/elementor\/thumbs\/Pelota-1-qr2hkklblxgqrw2ptfynnews5g1b6jms6b3a6dssmg.png","contentUrl":"https:\/\/www.xecball.es\/wp-content\/uploads\/elementor\/thumbs\/Pelota-1-qr2hkklblxgqrw2ptfynnews5g1b6jms6b3a6dssmg.png"},{"@type":"BreadcrumbList","@id":"https:\/\/www.xecball.es\/index.php\/historia-xecball\/#breadcrumb","itemListElement":[{"@type":"ListItem","position":1,"name":"Portada","item":"https:\/\/www.xecball.es\/"},{"@type":"ListItem","position":2,"name":"Historia"}]},{"@type":"WebSite","@id":"https:\/\/www.xecball.es\/#website","url":"https:\/\/www.xecball.es\/","name":"xecball","description":"Xecball es innovador deporte que combina la estrategia del ajedrez con la actividad f\u00edsica.","publisher":{"@id":"https:\/\/www.xecball.es\/#organization"},"potentialAction":[{"@type":"SearchAction","target":{"@type":"EntryPoint","urlTemplate":"https:\/\/www.xecball.es\/?s={search_term_string}"},"query-input":{"@type":"PropertyValueSpecification","valueRequired":true,"valueName":"search_term_string"}}],"inLanguage":"es"},{"@type":"Organization","@id":"https:\/\/www.xecball.es\/#organization","name":"xecball","url":"https:\/\/www.xecball.es\/","logo":{"@type":"ImageObject","inLanguage":"es","@id":"https:\/\/www.xecball.es\/#\/schema\/logo\/image\/","url":"https:\/\/www.xecball.es\/wp-content\/uploads\/2024\/07\/cropped-Logotipo-Xecball.png","contentUrl":"https:\/\/www.xecball.es\/wp-content\/uploads\/2024\/07\/cropped-Logotipo-Xecball.png","width":92,"height":80,"caption":"xecball"},"image":{"@id":"https:\/\/www.xecball.es\/#\/schema\/logo\/image\/"}}]}},"_links":{"self":[{"href":"https:\/\/www.xecball.es\/index.php\/wp-json\/wp\/v2\/pages\/20507","targetHints":{"allow":["GET"]}}],"collection":[{"href":"https:\/\/www.xecball.es\/index.php\/wp-json\/wp\/v2\/pages"}],"about":[{"href":"https:\/\/www.xecball.es\/index.php\/wp-json\/wp\/v2\/types\/page"}],"author":[{"embeddable":true,"href":"https:\/\/www.xecball.es\/index.php\/wp-json\/wp\/v2\/users\/1"}],"replies":[{"embeddable":true,"href":"https:\/\/www.xecball.es\/index.php\/wp-json\/wp\/v2\/comments?post=20507"}],"version-history":[{"count":19,"href":"https:\/\/www.xecball.es\/index.php\/wp-json\/wp\/v2\/pages\/20507\/revisions"}],"predecessor-version":[{"id":20800,"href":"https:\/\/www.xecball.es\/index.php\/wp-json\/wp\/v2\/pages\/20507\/revisions\/20800"}],"wp:attachment":[{"href":"https:\/\/www.xecball.es\/index.php\/wp-json\/wp\/v2\/media?parent=20507"}],"curies":[{"name":"wp","href":"https:\/\/api.w.org\/{rel}","templated":true}]}}