{"id":20666,"date":"2024-10-16T19:53:56","date_gmt":"2024-10-16T19:53:56","guid":{"rendered":"https:\/\/vibrant-carson.212-227-83-167.plesk.page\/?page_id=20666"},"modified":"2024-10-17T19:36:44","modified_gmt":"2024-10-17T19:36:44","slug":"xecball-inclusiu","status":"publish","type":"page","link":"https:\/\/www.xecball.es\/index.php\/val\/xecball-inclusiu\/","title":{"rendered":"Xecball Inclusiu"},"content":{"rendered":"\t\t<div data-elementor-type=\"wp-page\" data-elementor-id=\"20666\" class=\"elementor elementor-20666\" data-elementor-post-type=\"page\">\n\t\t\t\t\t\t<section class=\"elementor-section elementor-top-section elementor-element elementor-element-e34b2ac elementor-section-full_width elementor-section-height-default elementor-section-height-default\" data-id=\"e34b2ac\" data-element_type=\"section\" data-settings=\"{&quot;background_background&quot;:&quot;slideshow&quot;,&quot;background_slideshow_gallery&quot;:[{&quot;id&quot;:19631,&quot;url&quot;:&quot;https:\\\/\\\/vibrant-carson.212-227-83-167.plesk.page\\\/wp-content\\\/uploads\\\/2024\\\/01\\\/bg-image-45.jpg&quot;},{&quot;id&quot;:19323,&quot;url&quot;:&quot;https:\\\/\\\/vibrant-carson.212-227-83-167.plesk.page\\\/wp-content\\\/uploads\\\/2023\\\/12\\\/bg-image-46.png&quot;}],&quot;background_slideshow_loop&quot;:&quot;yes&quot;,&quot;background_slideshow_slide_duration&quot;:5000,&quot;background_slideshow_slide_transition&quot;:&quot;fade&quot;,&quot;background_slideshow_transition_duration&quot;:500}\">\n\t\t\t\t\t\t<div class=\"elementor-container elementor-column-gap-extended\">\n\t\t\t\t\t<div class=\"elementor-column elementor-col-100 elementor-top-column elementor-element elementor-element-bc81e2d elementor-invisible\" data-id=\"bc81e2d\" data-element_type=\"column\" data-settings=\"{&quot;animation&quot;:&quot;edublink--slide-up&quot;,&quot;animation_delay&quot;:50}\">\n\t\t\t<div class=\"elementor-widget-wrap elementor-element-populated\">\n\t\t\t\t\t\t<div class=\"elementor-element elementor-element-a279df1 elementor-invisible elementor-widget elementor-widget-edublink-heading\" data-id=\"a279df1\" data-element_type=\"widget\" data-settings=\"{&quot;_animation&quot;:&quot;edublink--slide-up&quot;,&quot;_animation_delay&quot;:150}\" data-widget_type=\"edublink-heading.default\">\n\t\t\t\t<div class=\"elementor-widget-container\">\n\t\t\t<div class=\"edublink-section-heading\"><span class=\"pre-heading\">Xecball Inclusiu<\/span><h3 class=\"heading\">Promovent la integraci\u00f3 a trav\u00e9s de l'esport<\/h3><\/div>\t\t<\/div>\n\t\t\t\t<\/div>\n\t\t\t\t<section class=\"elementor-section elementor-inner-section elementor-element elementor-element-a6d3233 elementor-section-boxed elementor-section-height-default elementor-section-height-default\" data-id=\"a6d3233\" data-element_type=\"section\">\n\t\t\t\t\t\t<div class=\"elementor-container elementor-column-gap-no\">\n\t\t\t\t\t<div class=\"elementor-column elementor-col-50 elementor-inner-column elementor-element elementor-element-f2dfc9e\" data-id=\"f2dfc9e\" data-element_type=\"column\">\n\t\t\t<div class=\"elementor-widget-wrap elementor-element-populated\">\n\t\t\t\t\t\t<div class=\"elementor-element elementor-element-6a05887 elementor-invisible elementor-widget elementor-widget-image\" data-id=\"6a05887\" data-element_type=\"widget\" data-settings=\"{&quot;_animation&quot;:&quot;edublink--slide-right&quot;,&quot;_animation_delay&quot;:150}\" data-widget_type=\"image.default\">\n\t\t\t\t<div class=\"elementor-widget-container\">\n\t\t\t<style>\/*! elementor - v3.23.0 - 15-07-2024 *\/\n.elementor-widget-image{text-align:center}.elementor-widget-image a{display:inline-block}.elementor-widget-image a img[src$=\".svg\"]{width:48px}.elementor-widget-image img{vertical-align:middle;display:inline-block}<\/style>\t\t\t\t\t\t\t\t\t\t<img fetchpriority=\"high\" decoding=\"async\" width=\"2048\" height=\"1152\" src=\"https:\/\/www.xecball.es\/wp-content\/uploads\/2024\/10\/CASTALIA.jpg\" class=\"attachment-full size-full wp-image-20618\" alt=\"Ni\u00f1os con otras capacidades despu\u00e9s de jugar al Xecball\" srcset=\"https:\/\/www.xecball.es\/wp-content\/uploads\/2024\/10\/CASTALIA.jpg 2048w, https:\/\/www.xecball.es\/wp-content\/uploads\/2024\/10\/CASTALIA-300x169.jpg 300w, https:\/\/www.xecball.es\/wp-content\/uploads\/2024\/10\/CASTALIA-1024x576.jpg 1024w, https:\/\/www.xecball.es\/wp-content\/uploads\/2024\/10\/CASTALIA-768x432.jpg 768w, https:\/\/www.xecball.es\/wp-content\/uploads\/2024\/10\/CASTALIA-1536x864.jpg 1536w\" sizes=\"(max-width: 2048px) 100vw, 2048px\" \/>\t\t\t\t\t\t\t\t\t\t\t\t\t<\/div>\n\t\t\t\t<\/div>\n\t\t\t\t\t<\/div>\n\t\t<\/div>\n\t\t\t\t<div class=\"elementor-column elementor-col-50 elementor-inner-column elementor-element elementor-element-969fba1\" data-id=\"969fba1\" data-element_type=\"column\">\n\t\t\t<div class=\"elementor-widget-wrap elementor-element-populated\">\n\t\t\t\t\t\t<div class=\"elementor-element elementor-element-ef7fc62 elementor-invisible elementor-widget elementor-widget-text-editor\" data-id=\"ef7fc62\" data-element_type=\"widget\" data-settings=\"{&quot;_animation&quot;:&quot;edublink--slide-up&quot;,&quot;_animation_delay&quot;:150}\" data-widget_type=\"text-editor.default\">\n\t\t\t\t<div class=\"elementor-widget-container\">\n\t\t\t<style>\/*! elementor - v3.23.0 - 15-07-2024 *\/\n.elementor-widget-text-editor.elementor-drop-cap-view-stacked .elementor-drop-cap{background-color:#69727d;color:#fff}.elementor-widget-text-editor.elementor-drop-cap-view-framed .elementor-drop-cap{color:#69727d;border:3px solid;background-color:transparent}.elementor-widget-text-editor:not(.elementor-drop-cap-view-default) .elementor-drop-cap{margin-top:8px}.elementor-widget-text-editor:not(.elementor-drop-cap-view-default) .elementor-drop-cap-letter{width:1em;height:1em}.elementor-widget-text-editor .elementor-drop-cap{float:left;text-align:center;line-height:1;font-size:50px}.elementor-widget-text-editor .elementor-drop-cap-letter{display:inline-block}<\/style>\t\t\t\t<p>El<strong> Xecball<\/strong> \u00e9s un esport sense barreres, dissenyat per ser accessible a totes les persones, independentment de les capacitats f\u00edsiques, cognitives o socials. Fomentant un ambient digualtat i respecte.<\/p><p>El programa <strong>Xecball inclusiu<\/strong> promociona la cohesi\u00f3 social a trav\u00e9s de l&#8217;activitat f\u00edsica i el joc en equip.<\/p>\t\t\t\t\t\t<\/div>\n\t\t\t\t<\/div>\n\t\t\t\t<div class=\"elementor-element elementor-element-9e2ef9c edublink-font-secondary elementor-icon-list--layout-traditional elementor-list-item-link-full_width elementor-invisible elementor-widget elementor-widget-icon-list\" data-id=\"9e2ef9c\" data-element_type=\"widget\" data-settings=\"{&quot;_animation&quot;:&quot;edublink--slide-up&quot;,&quot;_animation_delay&quot;:250}\" data-widget_type=\"icon-list.default\">\n\t\t\t\t<div class=\"elementor-widget-container\">\n\t\t\t<link rel=\"stylesheet\" href=\"https:\/\/www.xecball.es\/wp-content\/plugins\/elementor\/assets\/css\/widget-icon-list.min.css\">\t\t<ul class=\"elementor-icon-list-items\">\n\t\t\t\t\t\t\t<li class=\"elementor-icon-list-item\">\n\t\t\t\t\t\t\t\t\t\t\t<span class=\"elementor-icon-list-icon\">\n\t\t\t\t\t\t\t<svg aria-hidden=\"true\" class=\"e-font-icon-svg e-fas-check\" viewBox=\"0 0 512 512\" xmlns=\"http:\/\/www.w3.org\/2000\/svg\"><path d=\"M173.898 439.404l-166.4-166.4c-9.997-9.997-9.997-26.206 0-36.204l36.203-36.204c9.997-9.998 26.207-9.998 36.204 0L192 312.69 432.095 72.596c9.997-9.997 26.207-9.997 36.204 0l36.203 36.204c9.997 9.997 9.997 26.206 0 36.204l-294.4 294.401c-9.998 9.997-26.207 9.997-36.204-.001z\"><\/path><\/svg>\t\t\t\t\t\t<\/span>\n\t\t\t\t\t\t\t\t\t\t<span class=\"elementor-icon-list-text\">Fomenta de la igualtat<\/span>\n\t\t\t\t\t\t\t\t\t<\/li>\n\t\t\t\t\t\t\t\t<li class=\"elementor-icon-list-item\">\n\t\t\t\t\t\t\t\t\t\t\t<span class=\"elementor-icon-list-icon\">\n\t\t\t\t\t\t\t<svg aria-hidden=\"true\" class=\"e-font-icon-svg e-fas-check\" viewBox=\"0 0 512 512\" xmlns=\"http:\/\/www.w3.org\/2000\/svg\"><path d=\"M173.898 439.404l-166.4-166.4c-9.997-9.997-9.997-26.206 0-36.204l36.203-36.204c9.997-9.998 26.207-9.998 36.204 0L192 312.69 432.095 72.596c9.997-9.997 26.207-9.997 36.204 0l36.203 36.204c9.997 9.997 9.997 26.206 0 36.204l-294.4 294.401c-9.998 9.997-26.207 9.997-36.204-.001z\"><\/path><\/svg>\t\t\t\t\t\t<\/span>\n\t\t\t\t\t\t\t\t\t\t<span class=\"elementor-icon-list-text\">Inclusi\u00f3 social<\/span>\n\t\t\t\t\t\t\t\t\t<\/li>\n\t\t\t\t\t\t\t\t<li class=\"elementor-icon-list-item\">\n\t\t\t\t\t\t\t\t\t\t\t<span class=\"elementor-icon-list-icon\">\n\t\t\t\t\t\t\t<svg aria-hidden=\"true\" class=\"e-font-icon-svg e-fas-check\" viewBox=\"0 0 512 512\" xmlns=\"http:\/\/www.w3.org\/2000\/svg\"><path d=\"M173.898 439.404l-166.4-166.4c-9.997-9.997-9.997-26.206 0-36.204l36.203-36.204c9.997-9.998 26.207-9.998 36.204 0L192 312.69 432.095 72.596c9.997-9.997 26.207-9.997 36.204 0l36.203 36.204c9.997 9.997 9.997 26.206 0 36.204l-294.4 294.401c-9.998 9.997-26.207 9.997-36.204-.001z\"><\/path><\/svg>\t\t\t\t\t\t<\/span>\n\t\t\t\t\t\t\t\t\t\t<span class=\"elementor-icon-list-text\">Potencia el treball en equip<\/span>\n\t\t\t\t\t\t\t\t\t<\/li>\n\t\t\t\t\t\t\t\t<li class=\"elementor-icon-list-item\">\n\t\t\t\t\t\t\t\t\t\t\t<span class=\"elementor-icon-list-icon\">\n\t\t\t\t\t\t\t<svg aria-hidden=\"true\" class=\"e-font-icon-svg e-fas-check\" viewBox=\"0 0 512 512\" xmlns=\"http:\/\/www.w3.org\/2000\/svg\"><path d=\"M173.898 439.404l-166.4-166.4c-9.997-9.997-9.997-26.206 0-36.204l36.203-36.204c9.997-9.998 26.207-9.998 36.204 0L192 312.69 432.095 72.596c9.997-9.997 26.207-9.997 36.204 0l36.203 36.204c9.997 9.997 9.997 26.206 0 36.204l-294.4 294.401c-9.998 9.997-26.207 9.997-36.204-.001z\"><\/path><\/svg>\t\t\t\t\t\t<\/span>\n\t\t\t\t\t\t\t\t\t\t<span class=\"elementor-icon-list-text\">Augmenta la confian\u00e7a<\/span>\n\t\t\t\t\t\t\t\t\t<\/li>\n\t\t\t\t\t\t<\/ul>\n\t\t\t\t<\/div>\n\t\t\t\t<\/div>\n\t\t\t\t\t<\/div>\n\t\t<\/div>\n\t\t\t\t\t<\/div>\n\t\t<\/section>\n\t\t\t\t\t<\/div>\n\t\t<\/div>\n\t\t\t\t\t<\/div>\n\t\t<\/section>\n\t\t\t\t<section class=\"elementor-section elementor-top-section elementor-element elementor-element-e434e9e elementor-section-boxed elementor-section-height-default elementor-section-height-default\" data-id=\"e434e9e\" data-element_type=\"section\" data-settings=\"{&quot;background_background&quot;:&quot;gradient&quot;}\">\n\t\t\t\t\t\t<div class=\"elementor-container elementor-column-gap-extended\">\n\t\t\t\t\t<div class=\"elementor-column elementor-col-100 elementor-top-column elementor-element elementor-element-5dbf48e\" data-id=\"5dbf48e\" data-element_type=\"column\">\n\t\t\t<div class=\"elementor-widget-wrap elementor-element-populated\">\n\t\t\t\t\t\t<div class=\"elementor-element elementor-element-de4c90c elementor-widget elementor-widget-heading\" data-id=\"de4c90c\" data-element_type=\"widget\" data-widget_type=\"heading.default\">\n\t\t\t\t<div class=\"elementor-widget-container\">\n\t\t\t<style>\/*! elementor - v3.23.0 - 15-07-2024 *\/\n.elementor-heading-title{padding:0;margin:0;line-height:1}.elementor-widget-heading .elementor-heading-title[class*=elementor-size-]>a{color:inherit;font-size:inherit;line-height:inherit}.elementor-widget-heading .elementor-heading-title.elementor-size-small{font-size:15px}.elementor-widget-heading .elementor-heading-title.elementor-size-medium{font-size:19px}.elementor-widget-heading .elementor-heading-title.elementor-size-large{font-size:29px}.elementor-widget-heading .elementor-heading-title.elementor-size-xl{font-size:39px}.elementor-widget-heading .elementor-heading-title.elementor-size-xxl{font-size:59px}<\/style><h2 class=\"elementor-heading-title elementor-size-default\">Descobreix-ho per tu mateix<\/h2>\t\t<\/div>\n\t\t\t\t<\/div>\n\t\t\t\t\t<\/div>\n\t\t<\/div>\n\t\t\t\t\t<\/div>\n\t\t<\/section>\n\t\t<div class=\"elementor-element elementor-element-76d38f3 e-flex e-con-boxed e-con e-parent\" data-id=\"76d38f3\" data-element_type=\"container\">\n\t\t\t\t\t<div class=\"e-con-inner\">\n\t\t\t\t<div class=\"elementor-element elementor-element-d18d590 elementor-widget elementor-widget-spacer\" data-id=\"d18d590\" data-element_type=\"widget\" data-widget_type=\"spacer.default\">\n\t\t\t\t<div class=\"elementor-widget-container\">\n\t\t\t<style>\/*! elementor - v3.23.0 - 15-07-2024 *\/\n.elementor-column .elementor-spacer-inner{height:var(--spacer-size)}.e-con{--container-widget-width:100%}.e-con-inner>.elementor-widget-spacer,.e-con>.elementor-widget-spacer{width:var(--container-widget-width,var(--spacer-size));--align-self:var(--container-widget-align-self,initial);--flex-shrink:0}.e-con-inner>.elementor-widget-spacer>.elementor-widget-container,.e-con>.elementor-widget-spacer>.elementor-widget-container{height:100%;width:100%}.e-con-inner>.elementor-widget-spacer>.elementor-widget-container>.elementor-spacer,.e-con>.elementor-widget-spacer>.elementor-widget-container>.elementor-spacer{height:100%}.e-con-inner>.elementor-widget-spacer>.elementor-widget-container>.elementor-spacer>.elementor-spacer-inner,.e-con>.elementor-widget-spacer>.elementor-widget-container>.elementor-spacer>.elementor-spacer-inner{height:var(--container-widget-height,var(--spacer-size))}.e-con-inner>.elementor-widget-spacer.elementor-widget-empty,.e-con>.elementor-widget-spacer.elementor-widget-empty{position:relative;min-height:22px;min-width:22px}.e-con-inner>.elementor-widget-spacer.elementor-widget-empty .elementor-widget-empty-icon,.e-con>.elementor-widget-spacer.elementor-widget-empty .elementor-widget-empty-icon{position:absolute;top:0;bottom:0;left:0;right:0;margin:auto;padding:0;width:22px;height:22px}<\/style>\t\t<div class=\"elementor-spacer\">\n\t\t\t<div class=\"elementor-spacer-inner\"><\/div>\n\t\t<\/div>\n\t\t\t\t<\/div>\n\t\t\t\t<\/div>\n\t\t\t\t\t<\/div>\n\t\t\t\t<\/div>\n\t\t<div class=\"elementor-element elementor-element-3da7d74 e-flex e-con-boxed e-con e-parent\" data-id=\"3da7d74\" data-element_type=\"container\">\n\t\t\t\t\t<div class=\"e-con-inner\">\n\t\t<div class=\"elementor-element elementor-element-cc6c4e8 e-con-full e-flex e-con e-child\" data-id=\"cc6c4e8\" data-element_type=\"container\">\n\t\t\t\t<div class=\"elementor-element elementor-element-ba5cfe5 elementor-widget elementor-widget-image\" data-id=\"ba5cfe5\" data-element_type=\"widget\" data-widget_type=\"image.default\">\n\t\t\t\t<div class=\"elementor-widget-container\">\n\t\t\t\t\t\t\t\t\t\t\t\t\t<img decoding=\"async\" width=\"640\" height=\"496\" src=\"https:\/\/www.xecball.es\/wp-content\/uploads\/2024\/10\/IMG-20240524-WA0010-1024x793.jpg\" class=\"attachment-large size-large wp-image-20617\" alt=\"\" srcset=\"https:\/\/www.xecball.es\/wp-content\/uploads\/2024\/10\/IMG-20240524-WA0010-1024x793.jpg 1024w, https:\/\/www.xecball.es\/wp-content\/uploads\/2024\/10\/IMG-20240524-WA0010-300x232.jpg 300w, https:\/\/www.xecball.es\/wp-content\/uploads\/2024\/10\/IMG-20240524-WA0010-768x595.jpg 768w, https:\/\/www.xecball.es\/wp-content\/uploads\/2024\/10\/IMG-20240524-WA0010.jpg 1352w\" sizes=\"(max-width: 640px) 100vw, 640px\" \/>\t\t\t\t\t\t\t\t\t\t\t\t\t<\/div>\n\t\t\t\t<\/div>\n\t\t\t\t<\/div>\n\t\t<div class=\"elementor-element elementor-element-0cf3c5f e-con-full e-flex e-con e-child\" data-id=\"0cf3c5f\" data-element_type=\"container\">\n\t\t\t\t<div class=\"elementor-element elementor-element-6dee950 elementor-widget elementor-widget-image\" data-id=\"6dee950\" data-element_type=\"widget\" data-widget_type=\"image.default\">\n\t\t\t\t<div class=\"elementor-widget-container\">\n\t\t\t\t\t\t\t\t\t\t\t\t\t<img decoding=\"async\" width=\"640\" height=\"480\" src=\"https:\/\/www.xecball.es\/wp-content\/uploads\/2024\/10\/Imagen-de-WhatsApp-2024-05-17-a-las-11.08.45_711f8533-1024x768.jpg\" class=\"attachment-large size-large wp-image-20623\" alt=\"\" srcset=\"https:\/\/www.xecball.es\/wp-content\/uploads\/2024\/10\/Imagen-de-WhatsApp-2024-05-17-a-las-11.08.45_711f8533-1024x768.jpg 1024w, https:\/\/www.xecball.es\/wp-content\/uploads\/2024\/10\/Imagen-de-WhatsApp-2024-05-17-a-las-11.08.45_711f8533-300x225.jpg 300w, https:\/\/www.xecball.es\/wp-content\/uploads\/2024\/10\/Imagen-de-WhatsApp-2024-05-17-a-las-11.08.45_711f8533-768x576.jpg 768w, https:\/\/www.xecball.es\/wp-content\/uploads\/2024\/10\/Imagen-de-WhatsApp-2024-05-17-a-las-11.08.45_711f8533-1536x1152.jpg 1536w, https:\/\/www.xecball.es\/wp-content\/uploads\/2024\/10\/Imagen-de-WhatsApp-2024-05-17-a-las-11.08.45_711f8533.jpg 2040w\" sizes=\"(max-width: 640px) 100vw, 640px\" \/>\t\t\t\t\t\t\t\t\t\t\t\t\t<\/div>\n\t\t\t\t<\/div>\n\t\t\t\t<\/div>\n\t\t\t\t\t<\/div>\n\t\t\t\t<\/div>\n\t\t\t\t<\/div>\n\t\t","protected":false},"excerpt":{"rendered":"<p>Xecball Inclusiu Promovent la integraci\u00f3 a trav\u00e9s de l&#8217;esport El Xecball \u00e9s un esport sense barreres, dissenyat per ser accessible&#8230;<\/p>\n","protected":false},"author":1,"featured_media":0,"parent":0,"menu_order":0,"comment_status":"closed","ping_status":"closed","template":"","meta":{"inline_featured_image":false,"footnotes":""},"class_list":["post-20666","page","type-page","status-publish","hentry"],"yoast_head":"<!-- This site is optimized with the Yoast SEO plugin v23.4 - https:\/\/yoast.com\/wordpress\/plugins\/seo\/ -->\n<title>Xecball Inclusiu - xecball<\/title>\n<meta name=\"description\" content=\"El Xecball \u00e9s un esport inclusiu per a tothom, integrant la diversitat i fomentant el joc accessible a persones de totes les capacitats.\" \/>\n<meta name=\"robots\" content=\"index, follow, max-snippet:-1, max-image-preview:large, max-video-preview:-1\" \/>\n<link rel=\"canonical\" href=\"https:\/\/www.xecball.es\/index.php\/val\/xecball-inclusiu\/\" \/>\n<meta property=\"og:locale\" content=\"es_ES\" \/>\n<meta property=\"og:type\" content=\"article\" \/>\n<meta property=\"og:title\" content=\"Xecball Inclusiu - xecball\" \/>\n<meta property=\"og:description\" content=\"El Xecball \u00e9s un esport inclusiu per a tothom, integrant la diversitat i fomentant el joc accessible a persones de totes les capacitats.\" \/>\n<meta property=\"og:url\" content=\"https:\/\/www.xecball.es\/index.php\/val\/xecball-inclusiu\/\" \/>\n<meta property=\"og:site_name\" content=\"xecball\" \/>\n<meta property=\"article:modified_time\" content=\"2024-10-17T19:36:44+00:00\" \/>\n<meta property=\"og:image\" content=\"https:\/\/www.xecball.es\/wp-content\/uploads\/2024\/10\/CASTALIA.jpg\" \/>\n<meta name=\"twitter:card\" content=\"summary_large_image\" \/>\n<script type=\"application\/ld+json\" class=\"yoast-schema-graph\">{\"@context\":\"https:\/\/schema.org\",\"@graph\":[{\"@type\":\"WebPage\",\"@id\":\"https:\/\/www.xecball.es\/index.php\/val\/xecball-inclusiu\/\",\"url\":\"https:\/\/www.xecball.es\/index.php\/val\/xecball-inclusiu\/\",\"name\":\"Xecball Inclusiu - xecball\",\"isPartOf\":{\"@id\":\"https:\/\/www.xecball.es\/#website\"},\"primaryImageOfPage\":{\"@id\":\"https:\/\/www.xecball.es\/index.php\/val\/xecball-inclusiu\/#primaryimage\"},\"image\":{\"@id\":\"https:\/\/www.xecball.es\/index.php\/val\/xecball-inclusiu\/#primaryimage\"},\"thumbnailUrl\":\"https:\/\/www.xecball.es\/wp-content\/uploads\/2024\/10\/CASTALIA.jpg\",\"datePublished\":\"2024-10-16T19:53:56+00:00\",\"dateModified\":\"2024-10-17T19:36:44+00:00\",\"description\":\"El Xecball \u00e9s un esport inclusiu per a tothom, integrant la diversitat i fomentant el joc accessible a persones de totes les capacitats.\",\"breadcrumb\":{\"@id\":\"https:\/\/www.xecball.es\/index.php\/val\/xecball-inclusiu\/#breadcrumb\"},\"inLanguage\":\"es\",\"potentialAction\":[{\"@type\":\"ReadAction\",\"target\":[\"https:\/\/www.xecball.es\/index.php\/val\/xecball-inclusiu\/\"]}]},{\"@type\":\"ImageObject\",\"inLanguage\":\"es\",\"@id\":\"https:\/\/www.xecball.es\/index.php\/val\/xecball-inclusiu\/#primaryimage\",\"url\":\"https:\/\/www.xecball.es\/wp-content\/uploads\/2024\/10\/CASTALIA.jpg\",\"contentUrl\":\"https:\/\/www.xecball.es\/wp-content\/uploads\/2024\/10\/CASTALIA.jpg\",\"width\":2048,\"height\":1152,\"caption\":\"Ni\u00f1os con otras capacidades despu\u00e9s de jugar al Xecball\"},{\"@type\":\"BreadcrumbList\",\"@id\":\"https:\/\/www.xecball.es\/index.php\/val\/xecball-inclusiu\/#breadcrumb\",\"itemListElement\":[{\"@type\":\"ListItem\",\"position\":1,\"name\":\"Portada\",\"item\":\"https:\/\/www.xecball.es\/\"},{\"@type\":\"ListItem\",\"position\":2,\"name\":\"Xecball Inclusiu\"}]},{\"@type\":\"WebSite\",\"@id\":\"https:\/\/www.xecball.es\/#website\",\"url\":\"https:\/\/www.xecball.es\/\",\"name\":\"xecball\",\"description\":\"Xecball es innovador deporte que combina la estrategia del ajedrez con la actividad f\u00edsica.\",\"publisher\":{\"@id\":\"https:\/\/www.xecball.es\/#organization\"},\"potentialAction\":[{\"@type\":\"SearchAction\",\"target\":{\"@type\":\"EntryPoint\",\"urlTemplate\":\"https:\/\/www.xecball.es\/?s={search_term_string}\"},\"query-input\":{\"@type\":\"PropertyValueSpecification\",\"valueRequired\":true,\"valueName\":\"search_term_string\"}}],\"inLanguage\":\"es\"},{\"@type\":\"Organization\",\"@id\":\"https:\/\/www.xecball.es\/#organization\",\"name\":\"xecball\",\"url\":\"https:\/\/www.xecball.es\/\",\"logo\":{\"@type\":\"ImageObject\",\"inLanguage\":\"es\",\"@id\":\"https:\/\/www.xecball.es\/#\/schema\/logo\/image\/\",\"url\":\"https:\/\/www.xecball.es\/wp-content\/uploads\/2024\/07\/cropped-Logotipo-Xecball.png\",\"contentUrl\":\"https:\/\/www.xecball.es\/wp-content\/uploads\/2024\/07\/cropped-Logotipo-Xecball.png\",\"width\":92,\"height\":80,\"caption\":\"xecball\"},\"image\":{\"@id\":\"https:\/\/www.xecball.es\/#\/schema\/logo\/image\/\"}}]}<\/script>\n<!-- \/ Yoast SEO plugin. -->","yoast_head_json":{"title":"Xecball Inclusiu - xecball","description":"El Xecball \u00e9s un esport inclusiu per a tothom, integrant la diversitat i fomentant el joc accessible a persones de totes les capacitats.","robots":{"index":"index","follow":"follow","max-snippet":"max-snippet:-1","max-image-preview":"max-image-preview:large","max-video-preview":"max-video-preview:-1"},"canonical":"https:\/\/www.xecball.es\/index.php\/val\/xecball-inclusiu\/","og_locale":"es_ES","og_type":"article","og_title":"Xecball Inclusiu - xecball","og_description":"El Xecball \u00e9s un esport inclusiu per a tothom, integrant la diversitat i fomentant el joc accessible a persones de totes les capacitats.","og_url":"https:\/\/www.xecball.es\/index.php\/val\/xecball-inclusiu\/","og_site_name":"xecball","article_modified_time":"2024-10-17T19:36:44+00:00","og_image":[{"url":"https:\/\/www.xecball.es\/wp-content\/uploads\/2024\/10\/CASTALIA.jpg"}],"twitter_card":"summary_large_image","schema":{"@context":"https:\/\/schema.org","@graph":[{"@type":"WebPage","@id":"https:\/\/www.xecball.es\/index.php\/val\/xecball-inclusiu\/","url":"https:\/\/www.xecball.es\/index.php\/val\/xecball-inclusiu\/","name":"Xecball Inclusiu - xecball","isPartOf":{"@id":"https:\/\/www.xecball.es\/#website"},"primaryImageOfPage":{"@id":"https:\/\/www.xecball.es\/index.php\/val\/xecball-inclusiu\/#primaryimage"},"image":{"@id":"https:\/\/www.xecball.es\/index.php\/val\/xecball-inclusiu\/#primaryimage"},"thumbnailUrl":"https:\/\/www.xecball.es\/wp-content\/uploads\/2024\/10\/CASTALIA.jpg","datePublished":"2024-10-16T19:53:56+00:00","dateModified":"2024-10-17T19:36:44+00:00","description":"El Xecball \u00e9s un esport inclusiu per a tothom, integrant la diversitat i fomentant el joc accessible a persones de totes les capacitats.","breadcrumb":{"@id":"https:\/\/www.xecball.es\/index.php\/val\/xecball-inclusiu\/#breadcrumb"},"inLanguage":"es","potentialAction":[{"@type":"ReadAction","target":["https:\/\/www.xecball.es\/index.php\/val\/xecball-inclusiu\/"]}]},{"@type":"ImageObject","inLanguage":"es","@id":"https:\/\/www.xecball.es\/index.php\/val\/xecball-inclusiu\/#primaryimage","url":"https:\/\/www.xecball.es\/wp-content\/uploads\/2024\/10\/CASTALIA.jpg","contentUrl":"https:\/\/www.xecball.es\/wp-content\/uploads\/2024\/10\/CASTALIA.jpg","width":2048,"height":1152,"caption":"Ni\u00f1os con otras capacidades despu\u00e9s de jugar al Xecball"},{"@type":"BreadcrumbList","@id":"https:\/\/www.xecball.es\/index.php\/val\/xecball-inclusiu\/#breadcrumb","itemListElement":[{"@type":"ListItem","position":1,"name":"Portada","item":"https:\/\/www.xecball.es\/"},{"@type":"ListItem","position":2,"name":"Xecball Inclusiu"}]},{"@type":"WebSite","@id":"https:\/\/www.xecball.es\/#website","url":"https:\/\/www.xecball.es\/","name":"xecball","description":"Xecball es innovador deporte que combina la estrategia del ajedrez con la actividad f\u00edsica.","publisher":{"@id":"https:\/\/www.xecball.es\/#organization"},"potentialAction":[{"@type":"SearchAction","target":{"@type":"EntryPoint","urlTemplate":"https:\/\/www.xecball.es\/?s={search_term_string}"},"query-input":{"@type":"PropertyValueSpecification","valueRequired":true,"valueName":"search_term_string"}}],"inLanguage":"es"},{"@type":"Organization","@id":"https:\/\/www.xecball.es\/#organization","name":"xecball","url":"https:\/\/www.xecball.es\/","logo":{"@type":"ImageObject","inLanguage":"es","@id":"https:\/\/www.xecball.es\/#\/schema\/logo\/image\/","url":"https:\/\/www.xecball.es\/wp-content\/uploads\/2024\/07\/cropped-Logotipo-Xecball.png","contentUrl":"https:\/\/www.xecball.es\/wp-content\/uploads\/2024\/07\/cropped-Logotipo-Xecball.png","width":92,"height":80,"caption":"xecball"},"image":{"@id":"https:\/\/www.xecball.es\/#\/schema\/logo\/image\/"}}]}},"_links":{"self":[{"href":"https:\/\/www.xecball.es\/index.php\/wp-json\/wp\/v2\/pages\/20666","targetHints":{"allow":["GET"]}}],"collection":[{"href":"https:\/\/www.xecball.es\/index.php\/wp-json\/wp\/v2\/pages"}],"about":[{"href":"https:\/\/www.xecball.es\/index.php\/wp-json\/wp\/v2\/types\/page"}],"author":[{"embeddable":true,"href":"https:\/\/www.xecball.es\/index.php\/wp-json\/wp\/v2\/users\/1"}],"replies":[{"embeddable":true,"href":"https:\/\/www.xecball.es\/index.php\/wp-json\/wp\/v2\/comments?post=20666"}],"version-history":[{"count":10,"href":"https:\/\/www.xecball.es\/index.php\/wp-json\/wp\/v2\/pages\/20666\/revisions"}],"predecessor-version":[{"id":20821,"href":"https:\/\/www.xecball.es\/index.php\/wp-json\/wp\/v2\/pages\/20666\/revisions\/20821"}],"wp:attachment":[{"href":"https:\/\/www.xecball.es\/index.php\/wp-json\/wp\/v2\/media?parent=20666"}],"curies":[{"name":"wp","href":"https:\/\/api.w.org\/{rel}","templated":true}]}}