{"id":20677,"date":"2024-10-16T20:07:00","date_gmt":"2024-10-16T20:07:00","guid":{"rendered":"https:\/\/vibrant-carson.212-227-83-167.plesk.page\/?page_id=20677"},"modified":"2024-10-17T19:36:40","modified_gmt":"2024-10-17T19:36:40","slug":"xecball-escolar-vlc","status":"publish","type":"page","link":"https:\/\/www.xecball.es\/index.php\/val\/xecball-escolar-vlc\/","title":{"rendered":"Xecball Escolar"},"content":{"rendered":"\t\t<div data-elementor-type=\"wp-page\" data-elementor-id=\"20677\" class=\"elementor elementor-20677\" data-elementor-post-type=\"page\">\n\t\t\t\t\t\t<section class=\"elementor-section elementor-top-section elementor-element elementor-element-82aa92b elementor-section-full_width elementor-section-height-default elementor-section-height-default\" data-id=\"82aa92b\" data-element_type=\"section\" data-settings=\"{&quot;background_background&quot;:&quot;slideshow&quot;,&quot;background_slideshow_gallery&quot;:[{&quot;id&quot;:19631,&quot;url&quot;:&quot;https:\\\/\\\/vibrant-carson.212-227-83-167.plesk.page\\\/wp-content\\\/uploads\\\/2024\\\/01\\\/bg-image-45.jpg&quot;},{&quot;id&quot;:19323,&quot;url&quot;:&quot;https:\\\/\\\/vibrant-carson.212-227-83-167.plesk.page\\\/wp-content\\\/uploads\\\/2023\\\/12\\\/bg-image-46.png&quot;}],&quot;background_slideshow_loop&quot;:&quot;yes&quot;,&quot;background_slideshow_slide_duration&quot;:5000,&quot;background_slideshow_slide_transition&quot;:&quot;fade&quot;,&quot;background_slideshow_transition_duration&quot;:500}\">\n\t\t\t\t\t\t<div class=\"elementor-container elementor-column-gap-extended\">\n\t\t\t\t\t<div class=\"elementor-column elementor-col-100 elementor-top-column elementor-element elementor-element-35849f9 elementor-invisible\" data-id=\"35849f9\" data-element_type=\"column\" data-settings=\"{&quot;animation&quot;:&quot;edublink--slide-up&quot;,&quot;animation_delay&quot;:50}\">\n\t\t\t<div class=\"elementor-widget-wrap elementor-element-populated\">\n\t\t\t\t\t\t<div class=\"elementor-element elementor-element-7112bd8 elementor-invisible elementor-widget elementor-widget-edublink-heading\" data-id=\"7112bd8\" data-element_type=\"widget\" data-settings=\"{&quot;_animation&quot;:&quot;edublink--slide-up&quot;,&quot;_animation_delay&quot;:150}\" data-widget_type=\"edublink-heading.default\">\n\t\t\t\t<div class=\"elementor-widget-container\">\n\t\t\t<div class=\"edublink-section-heading\"><span class=\"pre-heading\">Xecball escolar<\/span><h3 class=\"heading\">Integrant l'esport a l'educaci\u00f3<\/h3><\/div>\t\t<\/div>\n\t\t\t\t<\/div>\n\t\t\t\t<section class=\"elementor-section elementor-inner-section elementor-element elementor-element-985dbfb elementor-section-boxed elementor-section-height-default elementor-section-height-default\" data-id=\"985dbfb\" data-element_type=\"section\">\n\t\t\t\t\t\t<div class=\"elementor-container elementor-column-gap-no\">\n\t\t\t\t\t<div class=\"elementor-column elementor-col-50 elementor-inner-column elementor-element elementor-element-a030b89\" data-id=\"a030b89\" data-element_type=\"column\">\n\t\t\t<div class=\"elementor-widget-wrap elementor-element-populated\">\n\t\t\t\t\t\t<div class=\"elementor-element elementor-element-7f39708 elementor-invisible elementor-widget elementor-widget-image\" data-id=\"7f39708\" data-element_type=\"widget\" data-settings=\"{&quot;_animation&quot;:&quot;edublink--slide-right&quot;,&quot;_animation_delay&quot;:150}\" data-widget_type=\"image.default\">\n\t\t\t\t<div class=\"elementor-widget-container\">\n\t\t\t<style>\/*! elementor - v3.23.0 - 15-07-2024 *\/\n.elementor-widget-image{text-align:center}.elementor-widget-image a{display:inline-block}.elementor-widget-image a img[src$=\".svg\"]{width:48px}.elementor-widget-image img{vertical-align:middle;display:inline-block}<\/style>\t\t\t\t\t\t\t\t\t\t<img fetchpriority=\"high\" decoding=\"async\" width=\"766\" height=\"574\" src=\"https:\/\/www.xecball.es\/wp-content\/uploads\/2024\/10\/Xecball-escolar-2.jpg\" class=\"attachment-full size-full wp-image-20629\" alt=\"Ni\u00f1os jugando en el colegio al Xecball\" srcset=\"https:\/\/www.xecball.es\/wp-content\/uploads\/2024\/10\/Xecball-escolar-2.jpg 766w, https:\/\/www.xecball.es\/wp-content\/uploads\/2024\/10\/Xecball-escolar-2-300x225.jpg 300w\" sizes=\"(max-width: 766px) 100vw, 766px\" \/>\t\t\t\t\t\t\t\t\t\t\t\t\t<\/div>\n\t\t\t\t<\/div>\n\t\t\t\t\t<\/div>\n\t\t<\/div>\n\t\t\t\t<div class=\"elementor-column elementor-col-50 elementor-inner-column elementor-element elementor-element-33e28dd\" data-id=\"33e28dd\" data-element_type=\"column\">\n\t\t\t<div class=\"elementor-widget-wrap elementor-element-populated\">\n\t\t\t\t\t\t<div class=\"elementor-element elementor-element-35ea86f elementor-invisible elementor-widget elementor-widget-text-editor\" data-id=\"35ea86f\" data-element_type=\"widget\" data-settings=\"{&quot;_animation&quot;:&quot;edublink--slide-up&quot;,&quot;_animation_delay&quot;:150}\" data-widget_type=\"text-editor.default\">\n\t\t\t\t<div class=\"elementor-widget-container\">\n\t\t\t<style>\/*! elementor - v3.23.0 - 15-07-2024 *\/\n.elementor-widget-text-editor.elementor-drop-cap-view-stacked .elementor-drop-cap{background-color:#69727d;color:#fff}.elementor-widget-text-editor.elementor-drop-cap-view-framed .elementor-drop-cap{color:#69727d;border:3px solid;background-color:transparent}.elementor-widget-text-editor:not(.elementor-drop-cap-view-default) .elementor-drop-cap{margin-top:8px}.elementor-widget-text-editor:not(.elementor-drop-cap-view-default) .elementor-drop-cap-letter{width:1em;height:1em}.elementor-widget-text-editor .elementor-drop-cap{float:left;text-align:center;line-height:1;font-size:50px}.elementor-widget-text-editor .elementor-drop-cap-letter{display:inline-block}<\/style>\t\t\t\t<p>Els centres educatius promotors d&#8217;activitat f\u00edsica i esport (CEPAFE) tenen acc\u00e9s a <strong>Xecball<\/strong> a trav\u00e9s de la Federaci\u00f3 d&#8217;Escacs de la Comunitat Valenciana mitjan\u00e7ant dos programes destacats de la Comunitat Valenciana, com s\u00f3n:<\/p><p><strong>+ Esport a l\u2019escola de la Fundaci\u00f3 Trinidad Alfonso<\/strong>, dirigit a l&#8217;alumnat de 3r i 4t de Prim\u00e0ria.<\/p><p><strong>Esport a l\u2019escola de la Generalitat Valenciana<\/strong>, dirigit a 5\u00e8 i 6\u00e8 de Prim\u00e0ria i 1r i 2n ESO.<\/p><p>L\u201fobjectiu d\u201faquests dos programes \u00e9s promocionar i apropar diferents esports al\u201falumnat dins de les classes d\u201fEducaci\u00f3 F\u00edsica.<\/p><p>Per a m\u00e9s informaci\u00f3: <a href=\"https:\/\/www.comunitatdelesport.com\/esport-a-lescola\/\" target=\"_blank\" rel=\"noopener\">Comunitat de l&#8217;esport<\/a><\/p>\t\t\t\t\t\t<\/div>\n\t\t\t\t<\/div>\n\t\t\t\t\t<\/div>\n\t\t<\/div>\n\t\t\t\t\t<\/div>\n\t\t<\/section>\n\t\t\t\t\t<\/div>\n\t\t<\/div>\n\t\t\t\t\t<\/div>\n\t\t<\/section>\n\t\t\t\t<section class=\"elementor-section elementor-top-section elementor-element elementor-element-75d6814 elementor-section-boxed elementor-section-height-default elementor-section-height-default\" data-id=\"75d6814\" data-element_type=\"section\" data-settings=\"{&quot;background_background&quot;:&quot;gradient&quot;}\">\n\t\t\t\t\t\t<div class=\"elementor-container elementor-column-gap-extended\">\n\t\t\t\t\t<div class=\"elementor-column elementor-col-100 elementor-top-column elementor-element elementor-element-cf3aa06\" data-id=\"cf3aa06\" data-element_type=\"column\">\n\t\t\t<div class=\"elementor-widget-wrap elementor-element-populated\">\n\t\t\t\t\t\t<div class=\"elementor-element elementor-element-5b1ebdc elementor-widget elementor-widget-heading\" data-id=\"5b1ebdc\" data-element_type=\"widget\" data-widget_type=\"heading.default\">\n\t\t\t\t<div class=\"elementor-widget-container\">\n\t\t\t<style>\/*! elementor - v3.23.0 - 15-07-2024 *\/\n.elementor-heading-title{padding:0;margin:0;line-height:1}.elementor-widget-heading .elementor-heading-title[class*=elementor-size-]>a{color:inherit;font-size:inherit;line-height:inherit}.elementor-widget-heading .elementor-heading-title.elementor-size-small{font-size:15px}.elementor-widget-heading .elementor-heading-title.elementor-size-medium{font-size:19px}.elementor-widget-heading .elementor-heading-title.elementor-size-large{font-size:29px}.elementor-widget-heading .elementor-heading-title.elementor-size-xl{font-size:39px}.elementor-widget-heading .elementor-heading-title.elementor-size-xxl{font-size:59px}<\/style><h2 class=\"elementor-heading-title elementor-size-default\">Descobreix-ho per tu mateix<\/h2>\t\t<\/div>\n\t\t\t\t<\/div>\n\t\t\t\t\t<\/div>\n\t\t<\/div>\n\t\t\t\t\t<\/div>\n\t\t<\/section>\n\t\t\t\t<\/div>\n\t\t","protected":false},"excerpt":{"rendered":"<p>Xecball escolar Integrant l&#8217;esport a l&#8217;educaci\u00f3 Els centres educatius promotors d&#8217;activitat f\u00edsica i esport (CEPAFE) tenen acc\u00e9s a Xecball a&#8230;<\/p>\n","protected":false},"author":1,"featured_media":0,"parent":0,"menu_order":0,"comment_status":"closed","ping_status":"closed","template":"","meta":{"inline_featured_image":false,"footnotes":""},"class_list":["post-20677","page","type-page","status-publish","hentry"],"yoast_head":"<!-- This site is optimized with the Yoast SEO plugin v23.4 - https:\/\/yoast.com\/wordpress\/plugins\/seo\/ -->\n<title>Xecball Escolar - xecball<\/title>\n<meta name=\"description\" content=\"Xecball a l&#039;escola: fomenta l&#039;aprenentatge, la diversi\u00f3 i l&#039;activitat f\u00edsica amb un esport educatiu \u00fanic.\" \/>\n<meta name=\"robots\" content=\"index, follow, max-snippet:-1, max-image-preview:large, max-video-preview:-1\" \/>\n<link rel=\"canonical\" href=\"https:\/\/www.xecball.es\/index.php\/val\/xecball-escolar-vlc\/\" \/>\n<meta property=\"og:locale\" content=\"es_ES\" \/>\n<meta property=\"og:type\" content=\"article\" \/>\n<meta property=\"og:title\" content=\"Xecball Escolar - xecball\" \/>\n<meta property=\"og:description\" content=\"Xecball a l&#039;escola: fomenta l&#039;aprenentatge, la diversi\u00f3 i l&#039;activitat f\u00edsica amb un esport educatiu \u00fanic.\" \/>\n<meta property=\"og:url\" content=\"https:\/\/www.xecball.es\/index.php\/val\/xecball-escolar-vlc\/\" \/>\n<meta property=\"og:site_name\" content=\"xecball\" \/>\n<meta property=\"article:modified_time\" content=\"2024-10-17T19:36:40+00:00\" \/>\n<meta property=\"og:image\" content=\"https:\/\/www.xecball.es\/wp-content\/uploads\/2024\/10\/Xecball-escolar-2.jpg\" \/>\n<meta name=\"twitter:card\" content=\"summary_large_image\" \/>\n<meta name=\"twitter:label1\" content=\"Tiempo de lectura\" \/>\n\t<meta name=\"twitter:data1\" content=\"1 minuto\" \/>\n<script type=\"application\/ld+json\" class=\"yoast-schema-graph\">{\"@context\":\"https:\/\/schema.org\",\"@graph\":[{\"@type\":\"WebPage\",\"@id\":\"https:\/\/www.xecball.es\/index.php\/val\/xecball-escolar-vlc\/\",\"url\":\"https:\/\/www.xecball.es\/index.php\/val\/xecball-escolar-vlc\/\",\"name\":\"Xecball Escolar - xecball\",\"isPartOf\":{\"@id\":\"https:\/\/www.xecball.es\/#website\"},\"primaryImageOfPage\":{\"@id\":\"https:\/\/www.xecball.es\/index.php\/val\/xecball-escolar-vlc\/#primaryimage\"},\"image\":{\"@id\":\"https:\/\/www.xecball.es\/index.php\/val\/xecball-escolar-vlc\/#primaryimage\"},\"thumbnailUrl\":\"https:\/\/www.xecball.es\/wp-content\/uploads\/2024\/10\/Xecball-escolar-2.jpg\",\"datePublished\":\"2024-10-16T20:07:00+00:00\",\"dateModified\":\"2024-10-17T19:36:40+00:00\",\"description\":\"Xecball a l'escola: fomenta l'aprenentatge, la diversi\u00f3 i l'activitat f\u00edsica amb un esport educatiu \u00fanic.\",\"breadcrumb\":{\"@id\":\"https:\/\/www.xecball.es\/index.php\/val\/xecball-escolar-vlc\/#breadcrumb\"},\"inLanguage\":\"es\",\"potentialAction\":[{\"@type\":\"ReadAction\",\"target\":[\"https:\/\/www.xecball.es\/index.php\/val\/xecball-escolar-vlc\/\"]}]},{\"@type\":\"ImageObject\",\"inLanguage\":\"es\",\"@id\":\"https:\/\/www.xecball.es\/index.php\/val\/xecball-escolar-vlc\/#primaryimage\",\"url\":\"https:\/\/www.xecball.es\/wp-content\/uploads\/2024\/10\/Xecball-escolar-2.jpg\",\"contentUrl\":\"https:\/\/www.xecball.es\/wp-content\/uploads\/2024\/10\/Xecball-escolar-2.jpg\",\"width\":766,\"height\":574,\"caption\":\"Ni\u00f1os jugando en el colegio al Xecball\"},{\"@type\":\"BreadcrumbList\",\"@id\":\"https:\/\/www.xecball.es\/index.php\/val\/xecball-escolar-vlc\/#breadcrumb\",\"itemListElement\":[{\"@type\":\"ListItem\",\"position\":1,\"name\":\"Portada\",\"item\":\"https:\/\/www.xecball.es\/\"},{\"@type\":\"ListItem\",\"position\":2,\"name\":\"Xecball Escolar\"}]},{\"@type\":\"WebSite\",\"@id\":\"https:\/\/www.xecball.es\/#website\",\"url\":\"https:\/\/www.xecball.es\/\",\"name\":\"xecball\",\"description\":\"Xecball es innovador deporte que combina la estrategia del ajedrez con la actividad f\u00edsica.\",\"publisher\":{\"@id\":\"https:\/\/www.xecball.es\/#organization\"},\"potentialAction\":[{\"@type\":\"SearchAction\",\"target\":{\"@type\":\"EntryPoint\",\"urlTemplate\":\"https:\/\/www.xecball.es\/?s={search_term_string}\"},\"query-input\":{\"@type\":\"PropertyValueSpecification\",\"valueRequired\":true,\"valueName\":\"search_term_string\"}}],\"inLanguage\":\"es\"},{\"@type\":\"Organization\",\"@id\":\"https:\/\/www.xecball.es\/#organization\",\"name\":\"xecball\",\"url\":\"https:\/\/www.xecball.es\/\",\"logo\":{\"@type\":\"ImageObject\",\"inLanguage\":\"es\",\"@id\":\"https:\/\/www.xecball.es\/#\/schema\/logo\/image\/\",\"url\":\"https:\/\/www.xecball.es\/wp-content\/uploads\/2024\/07\/cropped-Logotipo-Xecball.png\",\"contentUrl\":\"https:\/\/www.xecball.es\/wp-content\/uploads\/2024\/07\/cropped-Logotipo-Xecball.png\",\"width\":92,\"height\":80,\"caption\":\"xecball\"},\"image\":{\"@id\":\"https:\/\/www.xecball.es\/#\/schema\/logo\/image\/\"}}]}<\/script>\n<!-- \/ Yoast SEO plugin. -->","yoast_head_json":{"title":"Xecball Escolar - xecball","description":"Xecball a l'escola: fomenta l'aprenentatge, la diversi\u00f3 i l'activitat f\u00edsica amb un esport educatiu \u00fanic.","robots":{"index":"index","follow":"follow","max-snippet":"max-snippet:-1","max-image-preview":"max-image-preview:large","max-video-preview":"max-video-preview:-1"},"canonical":"https:\/\/www.xecball.es\/index.php\/val\/xecball-escolar-vlc\/","og_locale":"es_ES","og_type":"article","og_title":"Xecball Escolar - xecball","og_description":"Xecball a l'escola: fomenta l'aprenentatge, la diversi\u00f3 i l'activitat f\u00edsica amb un esport educatiu \u00fanic.","og_url":"https:\/\/www.xecball.es\/index.php\/val\/xecball-escolar-vlc\/","og_site_name":"xecball","article_modified_time":"2024-10-17T19:36:40+00:00","og_image":[{"url":"https:\/\/www.xecball.es\/wp-content\/uploads\/2024\/10\/Xecball-escolar-2.jpg"}],"twitter_card":"summary_large_image","twitter_misc":{"Tiempo de lectura":"1 minuto"},"schema":{"@context":"https:\/\/schema.org","@graph":[{"@type":"WebPage","@id":"https:\/\/www.xecball.es\/index.php\/val\/xecball-escolar-vlc\/","url":"https:\/\/www.xecball.es\/index.php\/val\/xecball-escolar-vlc\/","name":"Xecball Escolar - xecball","isPartOf":{"@id":"https:\/\/www.xecball.es\/#website"},"primaryImageOfPage":{"@id":"https:\/\/www.xecball.es\/index.php\/val\/xecball-escolar-vlc\/#primaryimage"},"image":{"@id":"https:\/\/www.xecball.es\/index.php\/val\/xecball-escolar-vlc\/#primaryimage"},"thumbnailUrl":"https:\/\/www.xecball.es\/wp-content\/uploads\/2024\/10\/Xecball-escolar-2.jpg","datePublished":"2024-10-16T20:07:00+00:00","dateModified":"2024-10-17T19:36:40+00:00","description":"Xecball a l'escola: fomenta l'aprenentatge, la diversi\u00f3 i l'activitat f\u00edsica amb un esport educatiu \u00fanic.","breadcrumb":{"@id":"https:\/\/www.xecball.es\/index.php\/val\/xecball-escolar-vlc\/#breadcrumb"},"inLanguage":"es","potentialAction":[{"@type":"ReadAction","target":["https:\/\/www.xecball.es\/index.php\/val\/xecball-escolar-vlc\/"]}]},{"@type":"ImageObject","inLanguage":"es","@id":"https:\/\/www.xecball.es\/index.php\/val\/xecball-escolar-vlc\/#primaryimage","url":"https:\/\/www.xecball.es\/wp-content\/uploads\/2024\/10\/Xecball-escolar-2.jpg","contentUrl":"https:\/\/www.xecball.es\/wp-content\/uploads\/2024\/10\/Xecball-escolar-2.jpg","width":766,"height":574,"caption":"Ni\u00f1os jugando en el colegio al Xecball"},{"@type":"BreadcrumbList","@id":"https:\/\/www.xecball.es\/index.php\/val\/xecball-escolar-vlc\/#breadcrumb","itemListElement":[{"@type":"ListItem","position":1,"name":"Portada","item":"https:\/\/www.xecball.es\/"},{"@type":"ListItem","position":2,"name":"Xecball Escolar"}]},{"@type":"WebSite","@id":"https:\/\/www.xecball.es\/#website","url":"https:\/\/www.xecball.es\/","name":"xecball","description":"Xecball es innovador deporte que combina la estrategia del ajedrez con la actividad f\u00edsica.","publisher":{"@id":"https:\/\/www.xecball.es\/#organization"},"potentialAction":[{"@type":"SearchAction","target":{"@type":"EntryPoint","urlTemplate":"https:\/\/www.xecball.es\/?s={search_term_string}"},"query-input":{"@type":"PropertyValueSpecification","valueRequired":true,"valueName":"search_term_string"}}],"inLanguage":"es"},{"@type":"Organization","@id":"https:\/\/www.xecball.es\/#organization","name":"xecball","url":"https:\/\/www.xecball.es\/","logo":{"@type":"ImageObject","inLanguage":"es","@id":"https:\/\/www.xecball.es\/#\/schema\/logo\/image\/","url":"https:\/\/www.xecball.es\/wp-content\/uploads\/2024\/07\/cropped-Logotipo-Xecball.png","contentUrl":"https:\/\/www.xecball.es\/wp-content\/uploads\/2024\/07\/cropped-Logotipo-Xecball.png","width":92,"height":80,"caption":"xecball"},"image":{"@id":"https:\/\/www.xecball.es\/#\/schema\/logo\/image\/"}}]}},"_links":{"self":[{"href":"https:\/\/www.xecball.es\/index.php\/wp-json\/wp\/v2\/pages\/20677","targetHints":{"allow":["GET"]}}],"collection":[{"href":"https:\/\/www.xecball.es\/index.php\/wp-json\/wp\/v2\/pages"}],"about":[{"href":"https:\/\/www.xecball.es\/index.php\/wp-json\/wp\/v2\/types\/page"}],"author":[{"embeddable":true,"href":"https:\/\/www.xecball.es\/index.php\/wp-json\/wp\/v2\/users\/1"}],"replies":[{"embeddable":true,"href":"https:\/\/www.xecball.es\/index.php\/wp-json\/wp\/v2\/comments?post=20677"}],"version-history":[{"count":10,"href":"https:\/\/www.xecball.es\/index.php\/wp-json\/wp\/v2\/pages\/20677\/revisions"}],"predecessor-version":[{"id":20818,"href":"https:\/\/www.xecball.es\/index.php\/wp-json\/wp\/v2\/pages\/20677\/revisions\/20818"}],"wp:attachment":[{"href":"https:\/\/www.xecball.es\/index.php\/wp-json\/wp\/v2\/media?parent=20677"}],"curies":[{"name":"wp","href":"https:\/\/api.w.org\/{rel}","templated":true}]}}